{"id":4746,"date":"2017-12-17T10:06:43","date_gmt":"2017-12-17T10:06:43","guid":{"rendered":"https:\/\/www.mcvr.shop\/index.php\/about\/"},"modified":"2023-10-04T14:29:46","modified_gmt":"2023-10-04T12:29:46","slug":"about","status":"publish","type":"page","link":"https:\/\/mcvr.shop\/mcvm\/about\/","title":{"rendered":"About"},"content":{"rendered":"\t\t<div data-elementor-type=\"wp-post\" data-elementor-id=\"4746\" class=\"elementor elementor-4746\">\n\t\t\t\t\t\t<section class=\"elementor-section elementor-top-section elementor-element elementor-element-8c39fce elementor-section-content-middle elementor-section-boxed elementor-section-height-default elementor-section-height-default\" data-id=\"8c39fce\" data-element_type=\"section\" data-settings=\"{&quot;background_background&quot;:&quot;classic&quot;}\">\n\t\t\t\t\t\t\t<div class=\"elementor-background-overlay\"><\/div>\n\t\t\t\t\t\t\t<div class=\"elementor-container elementor-column-gap-no\">\n\t\t\t\t\t<div class=\"elementor-column elementor-col-100 elementor-top-column elementor-element elementor-element-b1952b1\" data-id=\"b1952b1\" data-element_type=\"column\">\n\t\t\t<div class=\"elementor-widget-wrap elementor-element-populated\">\n\t\t\t\t\t\t<div class=\"elementor-element elementor-element-03b93f0 elementor-widget elementor-widget-heading\" data-id=\"03b93f0\" data-element_type=\"widget\" data-widget_type=\"heading.default\">\n\t\t\t\t<div class=\"elementor-widget-container\">\n\t\t\t<h1 class=\"elementor-heading-title elementor-size-default\">Chi Siamo<\/h1>\t\t<\/div>\n\t\t\t\t<\/div>\n\t\t\t\t\t<\/div>\n\t\t<\/div>\n\t\t\t\t\t<\/div>\n\t\t<\/section>\n\t\t\t\t<section class=\"elementor-section elementor-top-section elementor-element elementor-element-d28c655 elementor-section-full_width elementor-section-height-default elementor-section-height-default\" data-id=\"d28c655\" data-element_type=\"section\" data-settings=\"{&quot;background_background&quot;:&quot;classic&quot;}\">\n\t\t\t\t\t\t<div class=\"elementor-container elementor-column-gap-default\">\n\t\t\t\t\t<div class=\"elementor-column elementor-col-100 elementor-top-column elementor-element elementor-element-997bde8\" data-id=\"997bde8\" data-element_type=\"column\">\n\t\t\t<div class=\"elementor-widget-wrap elementor-element-populated\">\n\t\t\t\t\t\t<section class=\"elementor-section elementor-inner-section elementor-element elementor-element-83b3443 elementor-section-content-middle elementor-section-boxed elementor-section-height-default elementor-section-height-default\" data-id=\"83b3443\" data-element_type=\"section\">\n\t\t\t\t\t\t<div class=\"elementor-container elementor-column-gap-no\">\n\t\t\t\t\t<div class=\"elementor-column elementor-col-100 elementor-inner-column elementor-element elementor-element-7b5ea60\" data-id=\"7b5ea60\" data-element_type=\"column\">\n\t\t\t<div class=\"elementor-widget-wrap elementor-element-populated\">\n\t\t\t\t\t<div class=\"elementor-background-overlay\"><\/div>\n\t\t\t\t\t\t<div class=\"elementor-element elementor-element-a4c33a4 elementor-widget elementor-widget-text-editor\" data-id=\"a4c33a4\" data-element_type=\"widget\" data-widget_type=\"text-editor.default\">\n\t\t\t\t<div class=\"elementor-widget-container\">\n\t\t\t\t\t\t\t<p>MCVR \u00e8 la stella luminosa dell&#8217;innovazione, dove il futuro abbraccia il virtuale con stile. Sperimenta il V-Commerce come mai prima d&#8217;ora: il nostro straordinario showroom nel metaverso ti attende, offrendoti moda, oggetti e design 3D che brillano con stile galattico. Entra nell&#8217;ecosistema MCVR e fai brillare il tuo mondo!<\/p>\t\t\t\t\t\t<\/div>\n\t\t\t\t<\/div>\n\t\t\t\t<div class=\"elementor-element elementor-element-20148c4 elementor-widget elementor-widget-heading\" data-id=\"20148c4\" data-element_type=\"widget\" data-widget_type=\"heading.default\">\n\t\t\t\t<div class=\"elementor-widget-container\">\n\t\t\t<h2 class=\"elementor-heading-title elementor-size-default\">Al fianco dei nostri clienti<\/h2>\t\t<\/div>\n\t\t\t\t<\/div>\n\t\t\t\t<div class=\"elementor-element elementor-element-c811db1 elementor-widget-divider--view-line elementor-widget elementor-widget-divider\" data-id=\"c811db1\" data-element_type=\"widget\" data-widget_type=\"divider.default\">\n\t\t\t\t<div class=\"elementor-widget-container\">\n\t\t\t\t\t<div class=\"elementor-divider\">\n\t\t\t<span class=\"elementor-divider-separator\">\n\t\t\t\t\t\t<\/span>\n\t\t<\/div>\n\t\t\t\t<\/div>\n\t\t\t\t<\/div>\n\t\t\t\t<div class=\"elementor-element elementor-element-d17c97b elementor-widget elementor-widget-text-editor\" data-id=\"d17c97b\" data-element_type=\"widget\" data-widget_type=\"text-editor.default\">\n\t\t\t\t<div class=\"elementor-widget-container\">\n\t\t\t\t\t\t\t<p>MC Engineering \u00e8 una societ\u00e0 nata a Torino all\u2019inizio degli anni duemila dalla passione e dall\u2019esperienza consolidata nei settori dell\u2019Ingegneria e dell\u2019Information Technology.<\/p><p>Mettiamo a disposizione le nostre competenze e la nostra professionalit\u00e0 per offrire ai clienti consulenze specializzate, soluzioni tecnologiche avanzate e creare opportunit\u00e0 nei principali ambiti nei quali operiamo: automotive, aerospace, railway, energy, industries, financial services, telecoms &amp; media.<\/p><p>Siamo un team dinamico, flessibile e affidabile. Da sempre valorizziamo le professionalit\u00e0 perch\u00e9 per noi rappresentano il punto di forza di realt\u00e0 innovative che guardano al futuro.<\/p>\t\t\t\t\t\t<\/div>\n\t\t\t\t<\/div>\n\t\t\t\t\t<\/div>\n\t\t<\/div>\n\t\t\t\t\t<\/div>\n\t\t<\/section>\n\t\t\t\t\t<\/div>\n\t\t<\/div>\n\t\t\t\t\t<\/div>\n\t\t<\/section>\n\t\t\t\t<section class=\"elementor-section elementor-top-section elementor-element elementor-element-3a9b7e0 elementor-section-boxed elementor-section-height-default elementor-section-height-default\" data-id=\"3a9b7e0\" data-element_type=\"section\" data-settings=\"{&quot;background_background&quot;:&quot;classic&quot;}\">\n\t\t\t\t\t\t<div class=\"elementor-container elementor-column-gap-default\">\n\t\t\t\t\t<div class=\"elementor-column elementor-col-100 elementor-top-column elementor-element elementor-element-a053cfd\" data-id=\"a053cfd\" data-element_type=\"column\">\n\t\t\t<div class=\"elementor-widget-wrap elementor-element-populated\">\n\t\t\t\t\t\t<div class=\"elementor-element elementor-element-5d1bb3b elementor-widget elementor-widget-heading\" data-id=\"5d1bb3b\" data-element_type=\"widget\" data-widget_type=\"heading.default\">\n\t\t\t\t<div class=\"elementor-widget-container\">\n\t\t\t<h2 class=\"elementor-heading-title elementor-size-default\">Perch\u00e8 \"V-Commerce\" ?<\/h2>\t\t<\/div>\n\t\t\t\t<\/div>\n\t\t\t\t<div class=\"elementor-element elementor-element-c5768f1 elementor-widget-divider--view-line elementor-widget elementor-widget-divider\" data-id=\"c5768f1\" data-element_type=\"widget\" data-widget_type=\"divider.default\">\n\t\t\t\t<div class=\"elementor-widget-container\">\n\t\t\t\t\t<div class=\"elementor-divider\">\n\t\t\t<span class=\"elementor-divider-separator\">\n\t\t\t\t\t\t<\/span>\n\t\t<\/div>\n\t\t\t\t<\/div>\n\t\t\t\t<\/div>\n\t\t\t\t<div class=\"elementor-element elementor-element-63e2a6b elementor-widget elementor-widget-text-editor\" data-id=\"63e2a6b\" data-element_type=\"widget\" data-widget_type=\"text-editor.default\">\n\t\t\t\t<div class=\"elementor-widget-container\">\n\t\t\t\t\t\t\t<p>Il mondo sta cambiando a una velocit\u00e0 senza precedenti, e con esso, anche il modo in cui facciamo shopping. Una delle pi\u00f9 grandi rivoluzioni nell&#8217;e-commerce degli ultimi anni \u00e8 stata l&#8217;ascesa del metaverso. Ma cosa significa davvero &#8220;metaverso&#8221; e come sta influenzando il modo in cui acquistiamo prodotti virtuali?<\/p><p>Una delle applicazioni pi\u00f9 promettenti del metaverso \u00e8 nell&#8217;e-commerce. In effetti, il metaverso sta aprendo nuove opportunit\u00e0 per le aziende di vendere prodotti virtuali, da abbigliamento per avatar a beni digitali come skin per videogiochi, oggetti per la realt\u00e0 virtuale e molto altro ancora<\/p>\t\t\t\t\t\t<\/div>\n\t\t\t\t<\/div>\n\t\t\t\t\t<\/div>\n\t\t<\/div>\n\t\t\t\t\t<\/div>\n\t\t<\/section>\n\t\t\t\t<section class=\"elementor-section elementor-top-section elementor-element elementor-element-d0ca6fa elementor-section-boxed elementor-section-height-default elementor-section-height-default\" data-id=\"d0ca6fa\" data-element_type=\"section\" data-settings=\"{&quot;background_background&quot;:&quot;classic&quot;}\">\n\t\t\t\t\t\t\t<div class=\"elementor-background-overlay\"><\/div>\n\t\t\t\t\t\t\t<div class=\"elementor-container elementor-column-gap-no\">\n\t\t\t\t\t<div class=\"elementor-column elementor-col-100 elementor-top-column elementor-element elementor-element-a5fd6c9\" data-id=\"a5fd6c9\" data-element_type=\"column\" data-settings=\"{&quot;background_background&quot;:&quot;classic&quot;}\">\n\t\t\t<div class=\"elementor-widget-wrap elementor-element-populated\">\n\t\t\t\t\t\t<div class=\"elementor-element elementor-element-a1cc422 elementor-widget-divider--view-line elementor-widget elementor-widget-divider\" data-id=\"a1cc422\" data-element_type=\"widget\" data-widget_type=\"divider.default\">\n\t\t\t\t<div class=\"elementor-widget-container\">\n\t\t\t\t\t<div class=\"elementor-divider\">\n\t\t\t<span class=\"elementor-divider-separator\">\n\t\t\t\t\t\t<\/span>\n\t\t<\/div>\n\t\t\t\t<\/div>\n\t\t\t\t<\/div>\n\t\t\t\t<div class=\"elementor-element elementor-element-83c0952 elementor-widget elementor-widget-heading\" data-id=\"83c0952\" data-element_type=\"widget\" data-widget_type=\"heading.default\">\n\t\t\t\t<div class=\"elementor-widget-container\">\n\t\t\t<h2 class=\"elementor-heading-title elementor-size-default\">Seguici<\/h2>\t\t<\/div>\n\t\t\t\t<\/div>\n\t\t\t\t<div class=\"elementor-element elementor-element-dab9b3f elementor-shape-rounded elementor-grid-0 e-grid-align-center elementor-widget elementor-widget-social-icons\" data-id=\"dab9b3f\" data-element_type=\"widget\" data-widget_type=\"social-icons.default\">\n\t\t\t\t<div class=\"elementor-widget-container\">\n\t\t\t\t\t<div class=\"elementor-social-icons-wrapper elementor-grid\">\n\t\t\t\t\t\t\t<span class=\"elementor-grid-item\">\n\t\t\t\t\t<a class=\"elementor-icon elementor-social-icon elementor-social-icon-linkedin elementor-repeater-item-525c1b1\" href=\"http:\/\/www.linkedin.com\/company\/mcengineering\">\n\t\t\t\t\t\t<span class=\"elementor-screen-only\">Linkedin<\/span>\n\t\t\t\t\t\t<i class=\"fab fa-linkedin\"><\/i>\t\t\t\t\t<\/a>\n\t\t\t\t<\/span>\n\t\t\t\t\t\t\t<span class=\"elementor-grid-item\">\n\t\t\t\t\t<a class=\"elementor-icon elementor-social-icon elementor-social-icon-instagram elementor-repeater-item-65ca331\" href=\"https:\/\/www.instagram.com\/m.c.engineering\/\">\n\t\t\t\t\t\t<span class=\"elementor-screen-only\">Instagram<\/span>\n\t\t\t\t\t\t<i class=\"fab fa-instagram\"><\/i>\t\t\t\t\t<\/a>\n\t\t\t\t<\/span>\n\t\t\t\t\t\t\t<span class=\"elementor-grid-item\">\n\t\t\t\t\t<a class=\"elementor-icon elementor-social-icon elementor-social-icon-facebook elementor-repeater-item-e8aad53\" href=\"https:\/\/www.facebook.com\/MCEngineering1\" target=\"_blank\">\n\t\t\t\t\t\t<span class=\"elementor-screen-only\">Facebook<\/span>\n\t\t\t\t\t\t<i class=\"fab fa-facebook\"><\/i>\t\t\t\t\t<\/a>\n\t\t\t\t<\/span>\n\t\t\t\t\t\t\t<span class=\"elementor-grid-item\">\n\t\t\t\t\t<a class=\"elementor-icon elementor-social-icon elementor-social-icon-twitter elementor-repeater-item-0a24651\" href=\"https:\/\/twitter.com\/MC_Engineering\" target=\"_blank\">\n\t\t\t\t\t\t<span class=\"elementor-screen-only\">Twitter<\/span>\n\t\t\t\t\t\t<i class=\"fab fa-twitter\"><\/i>\t\t\t\t\t<\/a>\n\t\t\t\t<\/span>\n\t\t\t\t\t<\/div>\n\t\t\t\t<\/div>\n\t\t\t\t<\/div>\n\t\t\t\t\t<\/div>\n\t\t<\/div>\n\t\t\t\t\t<\/div>\n\t\t<\/section>\n\t\t\t\t<\/div>\n\t\t","protected":false},"excerpt":{"rendered":"<p>Chi Siamo MCVR \u00e8 la stella luminosa dell&#8217;innovazione, dove il futuro abbraccia il virtuale con stile. Sperimenta il V-Commerce come mai prima d&#8217;ora: il nostro straordinario showroom nel metaverso ti attende, offrendoti moda, oggetti e design 3D che brillano con stile galattico. Entra nell&#8217;ecosistema MCVR e fai brillare il tuo mondo! Al fianco dei nostri [&hellip;]<\/p>\n","protected":false},"author":1,"featured_media":0,"parent":0,"menu_order":0,"comment_status":"closed","ping_status":"closed","template":"","meta":{"_uag_custom_page_level_css":"","site-sidebar-layout":"no-sidebar","site-content-layout":"page-builder","ast-site-content-layout":"","site-content-style":"default","site-sidebar-style":"default","ast-global-header-display":"","ast-banner-title-visibility":"","ast-main-header-display":"","ast-hfb-above-header-display":"","ast-hfb-below-header-display":"","ast-hfb-mobile-header-display":"","site-post-title":"disabled","ast-breadcrumbs-content":"","ast-featured-img":"disabled","footer-sml-layout":"","theme-transparent-header-meta":"enabled","adv-header-id-meta":"","stick-header-meta":"","header-above-stick-meta":"","header-main-stick-meta":"","header-below-stick-meta":"","astra-migrate-meta-layouts":"default","ast-page-background-enabled":"default","ast-page-background-meta":{"desktop":{"background-color":"","background-image":"","background-repeat":"repeat","background-position":"center center","background-size":"auto","background-attachment":"scroll","background-type":"","background-media":"","overlay-type":"","overlay-color":"","overlay-opacity":"","overlay-gradient":""},"tablet":{"background-color":"","background-image":"","background-repeat":"repeat","background-position":"center center","background-size":"auto","background-attachment":"scroll","background-type":"","background-media":"","overlay-type":"","overlay-color":"","overlay-opacity":"","overlay-gradient":""},"mobile":{"background-color":"","background-image":"","background-repeat":"repeat","background-position":"center center","background-size":"auto","background-attachment":"scroll","background-type":"","background-media":"","overlay-type":"","overlay-color":"","overlay-opacity":"","overlay-gradient":""}},"ast-content-background-meta":{"desktop":{"background-color":"var(--ast-global-color-5)","background-image":"","background-repeat":"repeat","background-position":"center center","background-size":"auto","background-attachment":"scroll","background-type":"","background-media":"","overlay-type":"","overlay-color":"","overlay-opacity":"","overlay-gradient":""},"tablet":{"background-color":"var(--ast-global-color-5)","background-image":"","background-repeat":"repeat","background-position":"center center","background-size":"auto","background-attachment":"scroll","background-type":"","background-media":"","overlay-type":"","overlay-color":"","overlay-opacity":"","overlay-gradient":""},"mobile":{"background-color":"var(--ast-global-color-5)","background-image":"","background-repeat":"repeat","background-position":"center center","background-size":"auto","background-attachment":"scroll","background-type":"","background-media":"","overlay-type":"","overlay-color":"","overlay-opacity":"","overlay-gradient":""}},"footnotes":""},"class_list":["post-4746","page","type-page","status-publish","hentry"],"yoast_head":"<!-- This site is optimized with the Yoast SEO plugin v23.9 - https:\/\/yoast.com\/wordpress\/plugins\/seo\/ -->\n<title>About - MCVM<\/title>\n<meta name=\"robots\" content=\"index, follow, max-snippet:-1, max-image-preview:large, max-video-preview:-1\" \/>\n<link rel=\"canonical\" href=\"https:\/\/mcvr.shop\/mcvm\/about\/\" \/>\n<meta property=\"og:locale\" content=\"it_IT\" \/>\n<meta property=\"og:type\" content=\"article\" \/>\n<meta property=\"og:title\" content=\"About - MCVM\" \/>\n<meta property=\"og:description\" content=\"Chi Siamo MCVR \u00e8 la stella luminosa dell&#8217;innovazione, dove il futuro abbraccia il virtuale con stile. Sperimenta il V-Commerce come mai prima d&#8217;ora: il nostro straordinario showroom nel metaverso ti attende, offrendoti moda, oggetti e design 3D che brillano con stile galattico. Entra nell&#8217;ecosistema MCVR e fai brillare il tuo mondo! Al fianco dei nostri [&hellip;]\" \/>\n<meta property=\"og:url\" content=\"https:\/\/mcvr.shop\/mcvm\/about\/\" \/>\n<meta property=\"og:site_name\" content=\"MCVM\" \/>\n<meta property=\"article:modified_time\" content=\"2023-10-04T12:29:46+00:00\" \/>\n<meta name=\"twitter:card\" content=\"summary_large_image\" \/>\n<meta name=\"twitter:label1\" content=\"Tempo di lettura stimato\" \/>\n\t<meta name=\"twitter:data1\" content=\"3 minuti\" \/>\n<script type=\"application\/ld+json\" class=\"yoast-schema-graph\">{\"@context\":\"https:\/\/schema.org\",\"@graph\":[{\"@type\":\"WebPage\",\"@id\":\"https:\/\/mcvr.shop\/mcvm\/about\/\",\"url\":\"https:\/\/mcvr.shop\/mcvm\/about\/\",\"name\":\"About - MCVM\",\"isPartOf\":{\"@id\":\"https:\/\/mcvr.shop\/mcvm\/#website\"},\"datePublished\":\"2017-12-17T10:06:43+00:00\",\"dateModified\":\"2023-10-04T12:29:46+00:00\",\"breadcrumb\":{\"@id\":\"https:\/\/mcvr.shop\/mcvm\/about\/#breadcrumb\"},\"inLanguage\":\"it-IT\",\"potentialAction\":[{\"@type\":\"ReadAction\",\"target\":[\"https:\/\/mcvr.shop\/mcvm\/about\/\"]}]},{\"@type\":\"BreadcrumbList\",\"@id\":\"https:\/\/mcvr.shop\/mcvm\/about\/#breadcrumb\",\"itemListElement\":[{\"@type\":\"ListItem\",\"position\":1,\"name\":\"Home\",\"item\":\"https:\/\/mcvr.shop\/mcvm\/\"},{\"@type\":\"ListItem\",\"position\":2,\"name\":\"About\"}]},{\"@type\":\"WebSite\",\"@id\":\"https:\/\/mcvr.shop\/mcvm\/#website\",\"url\":\"https:\/\/mcvr.shop\/mcvm\/\",\"name\":\"MCVM\",\"description\":\"\",\"publisher\":{\"@id\":\"https:\/\/mcvr.shop\/mcvm\/#organization\"},\"potentialAction\":[{\"@type\":\"SearchAction\",\"target\":{\"@type\":\"EntryPoint\",\"urlTemplate\":\"https:\/\/mcvr.shop\/mcvm\/?s={search_term_string}\"},\"query-input\":{\"@type\":\"PropertyValueSpecification\",\"valueRequired\":true,\"valueName\":\"search_term_string\"}}],\"inLanguage\":\"it-IT\"},{\"@type\":\"Organization\",\"@id\":\"https:\/\/mcvr.shop\/mcvm\/#organization\",\"name\":\"MCVM\",\"url\":\"https:\/\/mcvr.shop\/mcvm\/\",\"logo\":{\"@type\":\"ImageObject\",\"inLanguage\":\"it-IT\",\"@id\":\"https:\/\/mcvr.shop\/mcvm\/#\/schema\/logo\/image\/\",\"url\":\"https:\/\/mcvr.shop\/mcvm\/wp-content\/uploads\/2023\/07\/LOGO01.png\",\"contentUrl\":\"https:\/\/mcvr.shop\/mcvm\/wp-content\/uploads\/2023\/07\/LOGO01.png\",\"width\":1180,\"height\":244,\"caption\":\"MCVM\"},\"image\":{\"@id\":\"https:\/\/mcvr.shop\/mcvm\/#\/schema\/logo\/image\/\"}}]}<\/script>\n<!-- \/ Yoast SEO plugin. -->","yoast_head_json":{"title":"About - MCVM","robots":{"index":"index","follow":"follow","max-snippet":"max-snippet:-1","max-image-preview":"max-image-preview:large","max-video-preview":"max-video-preview:-1"},"canonical":"https:\/\/mcvr.shop\/mcvm\/about\/","og_locale":"it_IT","og_type":"article","og_title":"About - MCVM","og_description":"Chi Siamo MCVR \u00e8 la stella luminosa dell&#8217;innovazione, dove il futuro abbraccia il virtuale con stile. Sperimenta il V-Commerce come mai prima d&#8217;ora: il nostro straordinario showroom nel metaverso ti attende, offrendoti moda, oggetti e design 3D che brillano con stile galattico. Entra nell&#8217;ecosistema MCVR e fai brillare il tuo mondo! Al fianco dei nostri [&hellip;]","og_url":"https:\/\/mcvr.shop\/mcvm\/about\/","og_site_name":"MCVM","article_modified_time":"2023-10-04T12:29:46+00:00","twitter_card":"summary_large_image","twitter_misc":{"Tempo di lettura stimato":"3 minuti"},"schema":{"@context":"https:\/\/schema.org","@graph":[{"@type":"WebPage","@id":"https:\/\/mcvr.shop\/mcvm\/about\/","url":"https:\/\/mcvr.shop\/mcvm\/about\/","name":"About - MCVM","isPartOf":{"@id":"https:\/\/mcvr.shop\/mcvm\/#website"},"datePublished":"2017-12-17T10:06:43+00:00","dateModified":"2023-10-04T12:29:46+00:00","breadcrumb":{"@id":"https:\/\/mcvr.shop\/mcvm\/about\/#breadcrumb"},"inLanguage":"it-IT","potentialAction":[{"@type":"ReadAction","target":["https:\/\/mcvr.shop\/mcvm\/about\/"]}]},{"@type":"BreadcrumbList","@id":"https:\/\/mcvr.shop\/mcvm\/about\/#breadcrumb","itemListElement":[{"@type":"ListItem","position":1,"name":"Home","item":"https:\/\/mcvr.shop\/mcvm\/"},{"@type":"ListItem","position":2,"name":"About"}]},{"@type":"WebSite","@id":"https:\/\/mcvr.shop\/mcvm\/#website","url":"https:\/\/mcvr.shop\/mcvm\/","name":"MCVM","description":"","publisher":{"@id":"https:\/\/mcvr.shop\/mcvm\/#organization"},"potentialAction":[{"@type":"SearchAction","target":{"@type":"EntryPoint","urlTemplate":"https:\/\/mcvr.shop\/mcvm\/?s={search_term_string}"},"query-input":{"@type":"PropertyValueSpecification","valueRequired":true,"valueName":"search_term_string"}}],"inLanguage":"it-IT"},{"@type":"Organization","@id":"https:\/\/mcvr.shop\/mcvm\/#organization","name":"MCVM","url":"https:\/\/mcvr.shop\/mcvm\/","logo":{"@type":"ImageObject","inLanguage":"it-IT","@id":"https:\/\/mcvr.shop\/mcvm\/#\/schema\/logo\/image\/","url":"https:\/\/mcvr.shop\/mcvm\/wp-content\/uploads\/2023\/07\/LOGO01.png","contentUrl":"https:\/\/mcvr.shop\/mcvm\/wp-content\/uploads\/2023\/07\/LOGO01.png","width":1180,"height":244,"caption":"MCVM"},"image":{"@id":"https:\/\/mcvr.shop\/mcvm\/#\/schema\/logo\/image\/"}}]}},"uagb_featured_image_src":{"full":false,"thumbnail":false,"medium":false,"medium_large":false,"large":false,"1536x1536":false,"2048x2048":false,"woocommerce_thumbnail":false,"woocommerce_single":false,"woocommerce_gallery_thumbnail":false},"uagb_author_info":{"display_name":"admin","author_link":"https:\/\/mcvr.shop\/mcvm\/author\/admin\/"},"uagb_comment_info":0,"uagb_excerpt":"Chi Siamo MCVR \u00e8 la stella luminosa dell&#8217;innovazione, dove il futuro abbraccia il virtuale con stile. Sperimenta il V-Commerce come mai prima d&#8217;ora: il nostro straordinario showroom nel metaverso ti attende, offrendoti moda, oggetti e design 3D che brillano con stile galattico. Entra nell&#8217;ecosistema MCVR e fai brillare il tuo mondo! Al fianco dei nostri&hellip;","_links":{"self":[{"href":"https:\/\/mcvr.shop\/mcvm\/wp-json\/wp\/v2\/pages\/4746","targetHints":{"allow":["GET"]}}],"collection":[{"href":"https:\/\/mcvr.shop\/mcvm\/wp-json\/wp\/v2\/pages"}],"about":[{"href":"https:\/\/mcvr.shop\/mcvm\/wp-json\/wp\/v2\/types\/page"}],"author":[{"embeddable":true,"href":"https:\/\/mcvr.shop\/mcvm\/wp-json\/wp\/v2\/users\/1"}],"replies":[{"embeddable":true,"href":"https:\/\/mcvr.shop\/mcvm\/wp-json\/wp\/v2\/comments?post=4746"}],"version-history":[{"count":25,"href":"https:\/\/mcvr.shop\/mcvm\/wp-json\/wp\/v2\/pages\/4746\/revisions"}],"predecessor-version":[{"id":6627,"href":"https:\/\/mcvr.shop\/mcvm\/wp-json\/wp\/v2\/pages\/4746\/revisions\/6627"}],"wp:attachment":[{"href":"https:\/\/mcvr.shop\/mcvm\/wp-json\/wp\/v2\/media?parent=4746"}],"curies":[{"name":"wp","href":"https:\/\/api.w.org\/{rel}","templated":true}]}}