{"id":5605,"date":"2023-08-30T23:24:29","date_gmt":"2023-08-30T21:24:29","guid":{"rendered":"https:\/\/www.mcvr.shop\/?post_type=product&#038;p=5605"},"modified":"2025-01-17T11:37:10","modified_gmt":"2025-01-17T10:37:10","slug":"felpa-bianca","status":"publish","type":"product","link":"https:\/\/mcvr.shop\/mcvm\/store\/felpa-bianca\/","title":{"rendered":"Felpa Bianca"},"content":{"rendered":"<p>La tua dichiarazione d\u2019amore per la connessione digitale e la tecnologia moderna.<br \/>\nQuesta felpa \u00e8 la testimonianza del tuo affetto verso il mondo digitale rappresentato da un cuore pulsante.<br \/>\n\u00c8 un modo per esprimere la tua affinit\u00e0 per l&#8217;era digitale, per celebrare la bellezza dei circuiti intricati e la potenza delle reti interconnesse.<br \/>\nIndossala durante le tue esplorazioni digitali.<\/p>\n<h3 id=\"guidataglie\" style=\"text-align: center; text-decoration: underline;\"><a href=\"https:\/\/www.mcvr.shop\/taglie-felpa-zip\/\" target=\"_blank\" rel=\"noopener\">Scopri i dettagli di questo prodotto<\/a><\/h3>\n","protected":false},"excerpt":{"rendered":"<p>La tua dichiarazione d\u2019amore per la connessione digitale e la tecnologia moderna.<br \/>\nQuesta felpa \u00e8 la testimonianza del tuo affetto verso il mondo digitale rappresentato da un cuore pulsante.<br \/>\n\u00c8 un modo per esprimere la tua affinit\u00e0 per l&#8217;era digitale, per celebrare la bellezza dei circuiti intricati e la potenza delle reti interconnesse.<br \/>\nIndossala durante le tue esplorazioni digitali.<\/p>\n","protected":false},"featured_media":6813,"comment_status":"open","ping_status":"closed","template":"","meta":{"_uag_custom_page_level_css":"","site-sidebar-layout":"default","site-content-layout":"default","ast-site-content-layout":"","site-content-style":"default","site-sidebar-style":"default","ast-global-header-display":"","ast-banner-title-visibility":"","ast-main-header-display":"","ast-hfb-above-header-display":"","ast-hfb-below-header-display":"","ast-hfb-mobile-header-display":"","site-post-title":"","ast-breadcrumbs-content":"","ast-featured-img":"","footer-sml-layout":"","theme-transparent-header-meta":"default","adv-header-id-meta":"","stick-header-meta":"","header-above-stick-meta":"","header-main-stick-meta":"","header-below-stick-meta":"","astra-migrate-meta-layouts":"default","ast-page-background-enabled":"default","ast-page-background-meta":{"desktop":{"background-color":"","background-image":"","background-repeat":"repeat","background-position":"center center","background-size":"auto","background-attachment":"scroll","background-type":"","background-media":"","overlay-type":"","overlay-color":"","overlay-opacity":"","overlay-gradient":""},"tablet":{"background-color":"","background-image":"","background-repeat":"repeat","background-position":"center center","background-size":"auto","background-attachment":"scroll","background-type":"","background-media":"","overlay-type":"","overlay-color":"","overlay-opacity":"","overlay-gradient":""},"mobile":{"background-color":"","background-image":"","background-repeat":"repeat","background-position":"center center","background-size":"auto","background-attachment":"scroll","background-type":"","background-media":"","overlay-type":"","overlay-color":"","overlay-opacity":"","overlay-gradient":""}},"ast-content-background-meta":{"desktop":{"background-color":"var(--ast-global-color-5)","background-image":"","background-repeat":"repeat","background-position":"center center","background-size":"auto","background-attachment":"scroll","background-type":"","background-media":"","overlay-type":"","overlay-color":"","overlay-opacity":"","overlay-gradient":""},"tablet":{"background-color":"var(--ast-global-color-5)","background-image":"","background-repeat":"repeat","background-position":"center center","background-size":"auto","background-attachment":"scroll","background-type":"","background-media":"","overlay-type":"","overlay-color":"","overlay-opacity":"","overlay-gradient":""},"mobile":{"background-color":"var(--ast-global-color-5)","background-image":"","background-repeat":"repeat","background-position":"center center","background-size":"auto","background-attachment":"scroll","background-type":"","background-media":"","overlay-type":"","overlay-color":"","overlay-opacity":"","overlay-gradient":""}}},"product_cat":[165,152,175,167,173,171,144],"product_tag":[],"class_list":{"0":"post-5605","1":"product","2":"type-product","3":"status-publish","4":"has-post-thumbnail","6":"product_cat-abbigliamento","7":"product_cat-donna","8":"product_cat-felpe-donna","9":"product_cat-felpe-uomo","10":"product_cat-felpe-unisex","11":"product_cat-unisex","12":"product_cat-uomo","13":"desktop-align-left","14":"tablet-align-left","15":"mobile-align-left","17":"first","18":"instock","19":"featured","20":"taxable","21":"shipping-taxable","22":"purchasable","23":"product-type-variable","24":"has-default-attributes"},"yoast_head":"<!-- This site is optimized with the Yoast SEO plugin v23.9 - https:\/\/yoast.com\/wordpress\/plugins\/seo\/ -->\n<title>Felpa Bianca - MCVM<\/title>\n<meta name=\"robots\" content=\"index, follow, max-snippet:-1, max-image-preview:large, max-video-preview:-1\" \/>\n<link rel=\"canonical\" href=\"https:\/\/mcvr.shop\/mcvm\/store\/felpa-bianca\/\" \/>\n<meta property=\"og:locale\" content=\"it_IT\" \/>\n<meta property=\"og:type\" content=\"article\" \/>\n<meta property=\"og:title\" content=\"Felpa Bianca - MCVM\" \/>\n<meta property=\"og:description\" content=\"La tua dichiarazione d\u2019amore per la connessione digitale e la tecnologia moderna. Questa felpa \u00e8 la testimonianza del tuo affetto verso il mondo digitale rappresentato da un cuore pulsante. \u00c8 un modo per esprimere la tua affinit\u00e0 per l&#039;era digitale, per celebrare la bellezza dei circuiti intricati e la potenza delle reti interconnesse. Indossala durante le tue esplorazioni digitali.\" \/>\n<meta property=\"og:url\" content=\"https:\/\/mcvr.shop\/mcvm\/store\/felpa-bianca\/\" \/>\n<meta property=\"og:site_name\" content=\"MCVM\" \/>\n<meta property=\"article:modified_time\" content=\"2025-01-17T10:37:10+00:00\" \/>\n<meta property=\"og:image\" content=\"https:\/\/mcvr.shop\/mcvm\/wp-content\/uploads\/2023\/08\/004-1.jpg\" \/>\n\t<meta property=\"og:image:width\" content=\"2048\" \/>\n\t<meta property=\"og:image:height\" content=\"2048\" \/>\n\t<meta property=\"og:image:type\" content=\"image\/jpeg\" \/>\n<meta name=\"twitter:card\" content=\"summary_large_image\" \/>\n<meta name=\"twitter:label1\" content=\"Tempo di lettura stimato\" \/>\n\t<meta name=\"twitter:data1\" content=\"1 minuto\" \/>\n<script type=\"application\/ld+json\" class=\"yoast-schema-graph\">{\"@context\":\"https:\/\/schema.org\",\"@graph\":[{\"@type\":\"WebPage\",\"@id\":\"https:\/\/mcvr.shop\/mcvm\/store\/felpa-bianca\/\",\"url\":\"https:\/\/mcvr.shop\/mcvm\/store\/felpa-bianca\/\",\"name\":\"Felpa Bianca - MCVM\",\"isPartOf\":{\"@id\":\"https:\/\/mcvr.shop\/mcvm\/#website\"},\"primaryImageOfPage\":{\"@id\":\"https:\/\/mcvr.shop\/mcvm\/store\/felpa-bianca\/#primaryimage\"},\"image\":{\"@id\":\"https:\/\/mcvr.shop\/mcvm\/store\/felpa-bianca\/#primaryimage\"},\"thumbnailUrl\":\"https:\/\/mcvr.shop\/mcvm\/wp-content\/uploads\/2023\/08\/004-1.jpg\",\"datePublished\":\"2023-08-30T21:24:29+00:00\",\"dateModified\":\"2025-01-17T10:37:10+00:00\",\"breadcrumb\":{\"@id\":\"https:\/\/mcvr.shop\/mcvm\/store\/felpa-bianca\/#breadcrumb\"},\"inLanguage\":\"it-IT\",\"potentialAction\":[{\"@type\":\"ReadAction\",\"target\":[\"https:\/\/mcvr.shop\/mcvm\/store\/felpa-bianca\/\"]}]},{\"@type\":\"ImageObject\",\"inLanguage\":\"it-IT\",\"@id\":\"https:\/\/mcvr.shop\/mcvm\/store\/felpa-bianca\/#primaryimage\",\"url\":\"https:\/\/mcvr.shop\/mcvm\/wp-content\/uploads\/2023\/08\/004-1.jpg\",\"contentUrl\":\"https:\/\/mcvr.shop\/mcvm\/wp-content\/uploads\/2023\/08\/004-1.jpg\",\"width\":2048,\"height\":2048},{\"@type\":\"BreadcrumbList\",\"@id\":\"https:\/\/mcvr.shop\/mcvm\/store\/felpa-bianca\/#breadcrumb\",\"itemListElement\":[{\"@type\":\"ListItem\",\"position\":1,\"name\":\"Home\",\"item\":\"https:\/\/mcvr.shop\/mcvm\/\"},{\"@type\":\"ListItem\",\"position\":2,\"name\":\"Store\",\"item\":\"https:\/\/mcvr.shop\/mcvm\/store\/\"},{\"@type\":\"ListItem\",\"position\":3,\"name\":\"Felpa Bianca\"}]},{\"@type\":\"WebSite\",\"@id\":\"https:\/\/mcvr.shop\/mcvm\/#website\",\"url\":\"https:\/\/mcvr.shop\/mcvm\/\",\"name\":\"MCVM\",\"description\":\"\",\"publisher\":{\"@id\":\"https:\/\/mcvr.shop\/mcvm\/#organization\"},\"potentialAction\":[{\"@type\":\"SearchAction\",\"target\":{\"@type\":\"EntryPoint\",\"urlTemplate\":\"https:\/\/mcvr.shop\/mcvm\/?s={search_term_string}\"},\"query-input\":{\"@type\":\"PropertyValueSpecification\",\"valueRequired\":true,\"valueName\":\"search_term_string\"}}],\"inLanguage\":\"it-IT\"},{\"@type\":\"Organization\",\"@id\":\"https:\/\/mcvr.shop\/mcvm\/#organization\",\"name\":\"MCVM\",\"url\":\"https:\/\/mcvr.shop\/mcvm\/\",\"logo\":{\"@type\":\"ImageObject\",\"inLanguage\":\"it-IT\",\"@id\":\"https:\/\/mcvr.shop\/mcvm\/#\/schema\/logo\/image\/\",\"url\":\"https:\/\/mcvr.shop\/mcvm\/wp-content\/uploads\/2023\/07\/LOGO01.png\",\"contentUrl\":\"https:\/\/mcvr.shop\/mcvm\/wp-content\/uploads\/2023\/07\/LOGO01.png\",\"width\":1180,\"height\":244,\"caption\":\"MCVM\"},\"image\":{\"@id\":\"https:\/\/mcvr.shop\/mcvm\/#\/schema\/logo\/image\/\"}}]}<\/script>\n<!-- \/ Yoast SEO plugin. -->","yoast_head_json":{"title":"Felpa Bianca - MCVM","robots":{"index":"index","follow":"follow","max-snippet":"max-snippet:-1","max-image-preview":"max-image-preview:large","max-video-preview":"max-video-preview:-1"},"canonical":"https:\/\/mcvr.shop\/mcvm\/store\/felpa-bianca\/","og_locale":"it_IT","og_type":"article","og_title":"Felpa Bianca - MCVM","og_description":"La tua dichiarazione d\u2019amore per la connessione digitale e la tecnologia moderna. Questa felpa \u00e8 la testimonianza del tuo affetto verso il mondo digitale rappresentato da un cuore pulsante. \u00c8 un modo per esprimere la tua affinit\u00e0 per l'era digitale, per celebrare la bellezza dei circuiti intricati e la potenza delle reti interconnesse. Indossala durante le tue esplorazioni digitali.","og_url":"https:\/\/mcvr.shop\/mcvm\/store\/felpa-bianca\/","og_site_name":"MCVM","article_modified_time":"2025-01-17T10:37:10+00:00","og_image":[{"width":2048,"height":2048,"url":"https:\/\/mcvr.shop\/mcvm\/wp-content\/uploads\/2023\/08\/004-1.jpg","type":"image\/jpeg"}],"twitter_card":"summary_large_image","twitter_misc":{"Tempo di lettura stimato":"1 minuto"},"schema":{"@context":"https:\/\/schema.org","@graph":[{"@type":"WebPage","@id":"https:\/\/mcvr.shop\/mcvm\/store\/felpa-bianca\/","url":"https:\/\/mcvr.shop\/mcvm\/store\/felpa-bianca\/","name":"Felpa Bianca - MCVM","isPartOf":{"@id":"https:\/\/mcvr.shop\/mcvm\/#website"},"primaryImageOfPage":{"@id":"https:\/\/mcvr.shop\/mcvm\/store\/felpa-bianca\/#primaryimage"},"image":{"@id":"https:\/\/mcvr.shop\/mcvm\/store\/felpa-bianca\/#primaryimage"},"thumbnailUrl":"https:\/\/mcvr.shop\/mcvm\/wp-content\/uploads\/2023\/08\/004-1.jpg","datePublished":"2023-08-30T21:24:29+00:00","dateModified":"2025-01-17T10:37:10+00:00","breadcrumb":{"@id":"https:\/\/mcvr.shop\/mcvm\/store\/felpa-bianca\/#breadcrumb"},"inLanguage":"it-IT","potentialAction":[{"@type":"ReadAction","target":["https:\/\/mcvr.shop\/mcvm\/store\/felpa-bianca\/"]}]},{"@type":"ImageObject","inLanguage":"it-IT","@id":"https:\/\/mcvr.shop\/mcvm\/store\/felpa-bianca\/#primaryimage","url":"https:\/\/mcvr.shop\/mcvm\/wp-content\/uploads\/2023\/08\/004-1.jpg","contentUrl":"https:\/\/mcvr.shop\/mcvm\/wp-content\/uploads\/2023\/08\/004-1.jpg","width":2048,"height":2048},{"@type":"BreadcrumbList","@id":"https:\/\/mcvr.shop\/mcvm\/store\/felpa-bianca\/#breadcrumb","itemListElement":[{"@type":"ListItem","position":1,"name":"Home","item":"https:\/\/mcvr.shop\/mcvm\/"},{"@type":"ListItem","position":2,"name":"Store","item":"https:\/\/mcvr.shop\/mcvm\/store\/"},{"@type":"ListItem","position":3,"name":"Felpa Bianca"}]},{"@type":"WebSite","@id":"https:\/\/mcvr.shop\/mcvm\/#website","url":"https:\/\/mcvr.shop\/mcvm\/","name":"MCVM","description":"","publisher":{"@id":"https:\/\/mcvr.shop\/mcvm\/#organization"},"potentialAction":[{"@type":"SearchAction","target":{"@type":"EntryPoint","urlTemplate":"https:\/\/mcvr.shop\/mcvm\/?s={search_term_string}"},"query-input":{"@type":"PropertyValueSpecification","valueRequired":true,"valueName":"search_term_string"}}],"inLanguage":"it-IT"},{"@type":"Organization","@id":"https:\/\/mcvr.shop\/mcvm\/#organization","name":"MCVM","url":"https:\/\/mcvr.shop\/mcvm\/","logo":{"@type":"ImageObject","inLanguage":"it-IT","@id":"https:\/\/mcvr.shop\/mcvm\/#\/schema\/logo\/image\/","url":"https:\/\/mcvr.shop\/mcvm\/wp-content\/uploads\/2023\/07\/LOGO01.png","contentUrl":"https:\/\/mcvr.shop\/mcvm\/wp-content\/uploads\/2023\/07\/LOGO01.png","width":1180,"height":244,"caption":"MCVM"},"image":{"@id":"https:\/\/mcvr.shop\/mcvm\/#\/schema\/logo\/image\/"}}]}},"uagb_featured_image_src":{"full":["https:\/\/mcvr.shop\/mcvm\/wp-content\/uploads\/2023\/08\/004-1.jpg",2048,2048,false],"thumbnail":["https:\/\/mcvr.shop\/mcvm\/wp-content\/uploads\/2023\/08\/004-1-150x150.jpg",150,150,true],"medium":["https:\/\/mcvr.shop\/mcvm\/wp-content\/uploads\/2023\/08\/004-1-300x300.jpg",300,300,true],"medium_large":["https:\/\/mcvr.shop\/mcvm\/wp-content\/uploads\/2023\/08\/004-1-768x768.jpg",768,768,true],"large":["https:\/\/mcvr.shop\/mcvm\/wp-content\/uploads\/2023\/08\/004-1-1024x1024.jpg",1024,1024,true],"1536x1536":["https:\/\/mcvr.shop\/mcvm\/wp-content\/uploads\/2023\/08\/004-1-1536x1536.jpg",1536,1536,true],"2048x2048":["https:\/\/mcvr.shop\/mcvm\/wp-content\/uploads\/2023\/08\/004-1.jpg",2048,2048,false],"woocommerce_thumbnail":["https:\/\/mcvr.shop\/mcvm\/wp-content\/uploads\/2023\/08\/004-1-300x300.jpg",300,300,true],"woocommerce_single":["https:\/\/mcvr.shop\/mcvm\/wp-content\/uploads\/2023\/08\/004-1-600x600.jpg",600,600,true],"woocommerce_gallery_thumbnail":["https:\/\/mcvr.shop\/mcvm\/wp-content\/uploads\/2023\/08\/004-1-100x100.jpg",100,100,true]},"uagb_author_info":{"display_name":"admin","author_link":"https:\/\/mcvr.shop\/mcvm\/author\/"},"uagb_comment_info":0,"uagb_excerpt":"La tua dichiarazione d\u2019amore per la connessione digitale e la tecnologia moderna. Questa felpa \u00e8 la testimonianza del tuo affetto verso il mondo digitale rappresentato da un cuore pulsante. \u00c8 un modo per esprimere la tua affinit\u00e0 per l'era digitale, per celebrare la bellezza dei circuiti intricati e la potenza delle reti interconnesse. Indossala durante&hellip;","_links":{"self":[{"href":"https:\/\/mcvr.shop\/mcvm\/wp-json\/wp\/v2\/product\/5605","targetHints":{"allow":["GET"]}}],"collection":[{"href":"https:\/\/mcvr.shop\/mcvm\/wp-json\/wp\/v2\/product"}],"about":[{"href":"https:\/\/mcvr.shop\/mcvm\/wp-json\/wp\/v2\/types\/product"}],"replies":[{"embeddable":true,"href":"https:\/\/mcvr.shop\/mcvm\/wp-json\/wp\/v2\/comments?post=5605"}],"version-history":[{"count":7,"href":"https:\/\/mcvr.shop\/mcvm\/wp-json\/wp\/v2\/product\/5605\/revisions"}],"predecessor-version":[{"id":5908,"href":"https:\/\/mcvr.shop\/mcvm\/wp-json\/wp\/v2\/product\/5605\/revisions\/5908"}],"wp:featuredmedia":[{"embeddable":true,"href":"https:\/\/mcvr.shop\/mcvm\/wp-json\/wp\/v2\/media\/6813"}],"wp:attachment":[{"href":"https:\/\/mcvr.shop\/mcvm\/wp-json\/wp\/v2\/media?parent=5605"}],"wp:term":[{"taxonomy":"product_cat","embeddable":true,"href":"https:\/\/mcvr.shop\/mcvm\/wp-json\/wp\/v2\/product_cat?post=5605"},{"taxonomy":"product_tag","embeddable":true,"href":"https:\/\/mcvr.shop\/mcvm\/wp-json\/wp\/v2\/product_tag?post=5605"}],"curies":[{"name":"wp","href":"https:\/\/api.w.org\/{rel}","templated":true}]}}