{"id":7073,"date":"2024-09-19T09:33:18","date_gmt":"2024-09-19T07:33:18","guid":{"rendered":"https:\/\/www.mcvr.shop\/?post_type=product&#038;p=7073"},"modified":"2026-02-02T12:52:51","modified_gmt":"2026-02-02T11:52:51","slug":"cappello-granata-invernale-mc","status":"publish","type":"product","link":"https:\/\/mcvr.shop\/mcvm\/store\/cappello-granata-invernale-mc\/","title":{"rendered":"Cappello Granata Invernale MC"},"content":{"rendered":"<p>Resistere all&#8217;inverno tecnologico \u00e8 fondamentale. Protezione, potenziamento e stile si fondono in un unico accessorio futuristico.<br \/>\nIl cappello MC protegge i tuoi pensieri dal freddo dello spazio e da intrusioni cibernetiche.<br \/>\nUno scudo affidabile contro le intemperie dell\u2019innovazione per una mente sempre brillante e connessa con il mondo digitale.<br \/>\nNiente potr\u00e0 pi\u00f9 interferire mentre lavori, non avrai mai pi\u00f9 pensieri congelati<\/p>\n","protected":false},"excerpt":{"rendered":"<p>Resistere all&#8217;inverno tecnologico \u00e8 fondamentale. Protezione, potenziamento e stile si fondono in un unico accessorio futuristico.<br \/>\nIl cappello MC protegge i tuoi pensieri dal freddo dello spazio e da intrusioni cibernetiche.<br \/>\nUno scudo affidabile contro le intemperie dell\u2019innovazione per una mente sempre brillante e connessa con il mondo digitale.<br \/>\nNiente potr\u00e0 pi\u00f9 interferire mentre lavori, non avrai mai pi\u00f9 pensieri congelati<\/p>\n","protected":false},"featured_media":7078,"comment_status":"open","ping_status":"closed","template":"","meta":{"_uag_custom_page_level_css":"","site-sidebar-layout":"default","site-content-layout":"default","ast-site-content-layout":"","site-content-style":"default","site-sidebar-style":"default","ast-global-header-display":"","ast-banner-title-visibility":"","ast-main-header-display":"","ast-hfb-above-header-display":"","ast-hfb-below-header-display":"","ast-hfb-mobile-header-display":"","site-post-title":"","ast-breadcrumbs-content":"","ast-featured-img":"","footer-sml-layout":"","theme-transparent-header-meta":"default","adv-header-id-meta":"","stick-header-meta":"","header-above-stick-meta":"","header-main-stick-meta":"","header-below-stick-meta":"","astra-migrate-meta-layouts":"default","ast-page-background-enabled":"default","ast-page-background-meta":{"desktop":{"background-color":"","background-image":"","background-repeat":"repeat","background-position":"center center","background-size":"auto","background-attachment":"scroll","background-type":"","background-media":"","overlay-type":"","overlay-color":"","overlay-opacity":"","overlay-gradient":""},"tablet":{"background-color":"","background-image":"","background-repeat":"repeat","background-position":"center center","background-size":"auto","background-attachment":"scroll","background-type":"","background-media":"","overlay-type":"","overlay-color":"","overlay-opacity":"","overlay-gradient":""},"mobile":{"background-color":"","background-image":"","background-repeat":"repeat","background-position":"center center","background-size":"auto","background-attachment":"scroll","background-type":"","background-media":"","overlay-type":"","overlay-color":"","overlay-opacity":"","overlay-gradient":""}},"ast-content-background-meta":{"desktop":{"background-color":"var(--ast-global-color-5)","background-image":"","background-repeat":"repeat","background-position":"center center","background-size":"auto","background-attachment":"scroll","background-type":"","background-media":"","overlay-type":"","overlay-color":"","overlay-opacity":"","overlay-gradient":""},"tablet":{"background-color":"var(--ast-global-color-5)","background-image":"","background-repeat":"repeat","background-position":"center center","background-size":"auto","background-attachment":"scroll","background-type":"","background-media":"","overlay-type":"","overlay-color":"","overlay-opacity":"","overlay-gradient":""},"mobile":{"background-color":"var(--ast-global-color-5)","background-image":"","background-repeat":"repeat","background-position":"center center","background-size":"auto","background-attachment":"scroll","background-type":"","background-media":"","overlay-type":"","overlay-color":"","overlay-opacity":"","overlay-gradient":""}}},"product_cat":[165,174,171],"product_tag":[],"class_list":{"0":"post-7073","1":"product","2":"type-product","3":"status-publish","4":"has-post-thumbnail","6":"product_cat-abbigliamento","7":"product_cat-cappelli-unisex","8":"product_cat-unisex","9":"desktop-align-left","10":"tablet-align-left","11":"mobile-align-left","13":"first","14":"instock","15":"taxable","16":"shipping-taxable","17":"purchasable","18":"product-type-simple"},"yoast_head":"<!-- This site is optimized with the Yoast SEO plugin v23.9 - https:\/\/yoast.com\/wordpress\/plugins\/seo\/ -->\n<title>Cappello Granata Invernale MC - MCVM<\/title>\n<meta name=\"robots\" content=\"index, follow, max-snippet:-1, max-image-preview:large, max-video-preview:-1\" \/>\n<link rel=\"canonical\" href=\"https:\/\/mcvr.shop\/mcvm\/store\/cappello-granata-invernale-mc\/\" \/>\n<meta property=\"og:locale\" content=\"it_IT\" \/>\n<meta property=\"og:type\" content=\"article\" \/>\n<meta property=\"og:title\" content=\"Cappello Granata Invernale MC - MCVM\" \/>\n<meta property=\"og:description\" content=\"Resistere all&#039;inverno tecnologico \u00e8 fondamentale. Protezione, potenziamento e stile si fondono in un unico accessorio futuristico. Il cappello MC protegge i tuoi pensieri dal freddo dello spazio e da intrusioni cibernetiche. Uno scudo affidabile contro le intemperie dell\u2019innovazione per una mente sempre brillante e connessa con il mondo digitale. Niente potr\u00e0 pi\u00f9 interferire mentre lavori, non avrai mai pi\u00f9 pensieri congelati\" \/>\n<meta property=\"og:url\" content=\"https:\/\/mcvr.shop\/mcvm\/store\/cappello-granata-invernale-mc\/\" \/>\n<meta property=\"og:site_name\" content=\"MCVM\" \/>\n<meta property=\"article:modified_time\" content=\"2026-02-02T11:52:51+00:00\" \/>\n<meta property=\"og:image\" content=\"https:\/\/mcvr.shop\/mcvm\/wp-content\/uploads\/CPL0002BYGU\/004.jpg\" \/>\n\t<meta property=\"og:image:width\" content=\"2048\" \/>\n\t<meta property=\"og:image:height\" content=\"2048\" \/>\n\t<meta property=\"og:image:type\" content=\"image\/jpeg\" \/>\n<meta name=\"twitter:card\" content=\"summary_large_image\" \/>\n<meta name=\"twitter:label1\" content=\"Tempo di lettura stimato\" \/>\n\t<meta name=\"twitter:data1\" content=\"1 minuto\" \/>\n<script type=\"application\/ld+json\" class=\"yoast-schema-graph\">{\"@context\":\"https:\/\/schema.org\",\"@graph\":[{\"@type\":\"WebPage\",\"@id\":\"https:\/\/mcvr.shop\/mcvm\/store\/cappello-granata-invernale-mc\/\",\"url\":\"https:\/\/mcvr.shop\/mcvm\/store\/cappello-granata-invernale-mc\/\",\"name\":\"Cappello Granata Invernale MC - MCVM\",\"isPartOf\":{\"@id\":\"https:\/\/mcvr.shop\/mcvm\/#website\"},\"primaryImageOfPage\":{\"@id\":\"https:\/\/mcvr.shop\/mcvm\/store\/cappello-granata-invernale-mc\/#primaryimage\"},\"image\":{\"@id\":\"https:\/\/mcvr.shop\/mcvm\/store\/cappello-granata-invernale-mc\/#primaryimage\"},\"thumbnailUrl\":\"https:\/\/mcvr.shop\/mcvm\/wp-content\/uploads\/CPL0002BYGU\/004.jpg\",\"datePublished\":\"2024-09-19T07:33:18+00:00\",\"dateModified\":\"2026-02-02T11:52:51+00:00\",\"breadcrumb\":{\"@id\":\"https:\/\/mcvr.shop\/mcvm\/store\/cappello-granata-invernale-mc\/#breadcrumb\"},\"inLanguage\":\"it-IT\",\"potentialAction\":[{\"@type\":\"ReadAction\",\"target\":[\"https:\/\/mcvr.shop\/mcvm\/store\/cappello-granata-invernale-mc\/\"]}]},{\"@type\":\"ImageObject\",\"inLanguage\":\"it-IT\",\"@id\":\"https:\/\/mcvr.shop\/mcvm\/store\/cappello-granata-invernale-mc\/#primaryimage\",\"url\":\"https:\/\/mcvr.shop\/mcvm\/wp-content\/uploads\/CPL0002BYGU\/004.jpg\",\"contentUrl\":\"https:\/\/mcvr.shop\/mcvm\/wp-content\/uploads\/CPL0002BYGU\/004.jpg\",\"width\":2048,\"height\":2048,\"caption\":\"Cappello Granata Lana Invernale mcvrshop\"},{\"@type\":\"BreadcrumbList\",\"@id\":\"https:\/\/mcvr.shop\/mcvm\/store\/cappello-granata-invernale-mc\/#breadcrumb\",\"itemListElement\":[{\"@type\":\"ListItem\",\"position\":1,\"name\":\"Home\",\"item\":\"https:\/\/mcvr.shop\/mcvm\/\"},{\"@type\":\"ListItem\",\"position\":2,\"name\":\"Store\",\"item\":\"https:\/\/mcvr.shop\/mcvm\/store\/\"},{\"@type\":\"ListItem\",\"position\":3,\"name\":\"Cappello Granata Invernale MC\"}]},{\"@type\":\"WebSite\",\"@id\":\"https:\/\/mcvr.shop\/mcvm\/#website\",\"url\":\"https:\/\/mcvr.shop\/mcvm\/\",\"name\":\"MCVM\",\"description\":\"\",\"publisher\":{\"@id\":\"https:\/\/mcvr.shop\/mcvm\/#organization\"},\"potentialAction\":[{\"@type\":\"SearchAction\",\"target\":{\"@type\":\"EntryPoint\",\"urlTemplate\":\"https:\/\/mcvr.shop\/mcvm\/?s={search_term_string}\"},\"query-input\":{\"@type\":\"PropertyValueSpecification\",\"valueRequired\":true,\"valueName\":\"search_term_string\"}}],\"inLanguage\":\"it-IT\"},{\"@type\":\"Organization\",\"@id\":\"https:\/\/mcvr.shop\/mcvm\/#organization\",\"name\":\"MCVM\",\"url\":\"https:\/\/mcvr.shop\/mcvm\/\",\"logo\":{\"@type\":\"ImageObject\",\"inLanguage\":\"it-IT\",\"@id\":\"https:\/\/mcvr.shop\/mcvm\/#\/schema\/logo\/image\/\",\"url\":\"https:\/\/mcvr.shop\/mcvm\/wp-content\/uploads\/2023\/07\/LOGO01.png\",\"contentUrl\":\"https:\/\/mcvr.shop\/mcvm\/wp-content\/uploads\/2023\/07\/LOGO01.png\",\"width\":1180,\"height\":244,\"caption\":\"MCVM\"},\"image\":{\"@id\":\"https:\/\/mcvr.shop\/mcvm\/#\/schema\/logo\/image\/\"}}]}<\/script>\n<!-- \/ Yoast SEO plugin. -->","yoast_head_json":{"title":"Cappello Granata Invernale MC - MCVM","robots":{"index":"index","follow":"follow","max-snippet":"max-snippet:-1","max-image-preview":"max-image-preview:large","max-video-preview":"max-video-preview:-1"},"canonical":"https:\/\/mcvr.shop\/mcvm\/store\/cappello-granata-invernale-mc\/","og_locale":"it_IT","og_type":"article","og_title":"Cappello Granata Invernale MC - MCVM","og_description":"Resistere all'inverno tecnologico \u00e8 fondamentale. Protezione, potenziamento e stile si fondono in un unico accessorio futuristico. Il cappello MC protegge i tuoi pensieri dal freddo dello spazio e da intrusioni cibernetiche. Uno scudo affidabile contro le intemperie dell\u2019innovazione per una mente sempre brillante e connessa con il mondo digitale. Niente potr\u00e0 pi\u00f9 interferire mentre lavori, non avrai mai pi\u00f9 pensieri congelati","og_url":"https:\/\/mcvr.shop\/mcvm\/store\/cappello-granata-invernale-mc\/","og_site_name":"MCVM","article_modified_time":"2026-02-02T11:52:51+00:00","og_image":[{"width":2048,"height":2048,"url":"https:\/\/mcvr.shop\/mcvm\/wp-content\/uploads\/CPL0002BYGU\/004.jpg","type":"image\/jpeg"}],"twitter_card":"summary_large_image","twitter_misc":{"Tempo di lettura stimato":"1 minuto"},"schema":{"@context":"https:\/\/schema.org","@graph":[{"@type":"WebPage","@id":"https:\/\/mcvr.shop\/mcvm\/store\/cappello-granata-invernale-mc\/","url":"https:\/\/mcvr.shop\/mcvm\/store\/cappello-granata-invernale-mc\/","name":"Cappello Granata Invernale MC - MCVM","isPartOf":{"@id":"https:\/\/mcvr.shop\/mcvm\/#website"},"primaryImageOfPage":{"@id":"https:\/\/mcvr.shop\/mcvm\/store\/cappello-granata-invernale-mc\/#primaryimage"},"image":{"@id":"https:\/\/mcvr.shop\/mcvm\/store\/cappello-granata-invernale-mc\/#primaryimage"},"thumbnailUrl":"https:\/\/mcvr.shop\/mcvm\/wp-content\/uploads\/CPL0002BYGU\/004.jpg","datePublished":"2024-09-19T07:33:18+00:00","dateModified":"2026-02-02T11:52:51+00:00","breadcrumb":{"@id":"https:\/\/mcvr.shop\/mcvm\/store\/cappello-granata-invernale-mc\/#breadcrumb"},"inLanguage":"it-IT","potentialAction":[{"@type":"ReadAction","target":["https:\/\/mcvr.shop\/mcvm\/store\/cappello-granata-invernale-mc\/"]}]},{"@type":"ImageObject","inLanguage":"it-IT","@id":"https:\/\/mcvr.shop\/mcvm\/store\/cappello-granata-invernale-mc\/#primaryimage","url":"https:\/\/mcvr.shop\/mcvm\/wp-content\/uploads\/CPL0002BYGU\/004.jpg","contentUrl":"https:\/\/mcvr.shop\/mcvm\/wp-content\/uploads\/CPL0002BYGU\/004.jpg","width":2048,"height":2048,"caption":"Cappello Granata Lana Invernale mcvrshop"},{"@type":"BreadcrumbList","@id":"https:\/\/mcvr.shop\/mcvm\/store\/cappello-granata-invernale-mc\/#breadcrumb","itemListElement":[{"@type":"ListItem","position":1,"name":"Home","item":"https:\/\/mcvr.shop\/mcvm\/"},{"@type":"ListItem","position":2,"name":"Store","item":"https:\/\/mcvr.shop\/mcvm\/store\/"},{"@type":"ListItem","position":3,"name":"Cappello Granata Invernale MC"}]},{"@type":"WebSite","@id":"https:\/\/mcvr.shop\/mcvm\/#website","url":"https:\/\/mcvr.shop\/mcvm\/","name":"MCVM","description":"","publisher":{"@id":"https:\/\/mcvr.shop\/mcvm\/#organization"},"potentialAction":[{"@type":"SearchAction","target":{"@type":"EntryPoint","urlTemplate":"https:\/\/mcvr.shop\/mcvm\/?s={search_term_string}"},"query-input":{"@type":"PropertyValueSpecification","valueRequired":true,"valueName":"search_term_string"}}],"inLanguage":"it-IT"},{"@type":"Organization","@id":"https:\/\/mcvr.shop\/mcvm\/#organization","name":"MCVM","url":"https:\/\/mcvr.shop\/mcvm\/","logo":{"@type":"ImageObject","inLanguage":"it-IT","@id":"https:\/\/mcvr.shop\/mcvm\/#\/schema\/logo\/image\/","url":"https:\/\/mcvr.shop\/mcvm\/wp-content\/uploads\/2023\/07\/LOGO01.png","contentUrl":"https:\/\/mcvr.shop\/mcvm\/wp-content\/uploads\/2023\/07\/LOGO01.png","width":1180,"height":244,"caption":"MCVM"},"image":{"@id":"https:\/\/mcvr.shop\/mcvm\/#\/schema\/logo\/image\/"}}]}},"uagb_featured_image_src":{"full":["https:\/\/mcvr.shop\/mcvm\/wp-content\/uploads\/CPL0002BYGU\/004.jpg",2048,2048,false],"thumbnail":["https:\/\/mcvr.shop\/mcvm\/wp-content\/uploads\/CPL0002BYGU\/004-150x150.jpg",150,150,true],"medium":["https:\/\/mcvr.shop\/mcvm\/wp-content\/uploads\/CPL0002BYGU\/004-300x300.jpg",300,300,true],"medium_large":["https:\/\/mcvr.shop\/mcvm\/wp-content\/uploads\/CPL0002BYGU\/004-768x768.jpg",768,768,true],"large":["https:\/\/mcvr.shop\/mcvm\/wp-content\/uploads\/CPL0002BYGU\/004-1024x1024.jpg",1024,1024,true],"1536x1536":["https:\/\/mcvr.shop\/mcvm\/wp-content\/uploads\/CPL0002BYGU\/004-1536x1536.jpg",1536,1536,true],"2048x2048":["https:\/\/mcvr.shop\/mcvm\/wp-content\/uploads\/CPL0002BYGU\/004.jpg",2048,2048,false],"woocommerce_thumbnail":["https:\/\/mcvr.shop\/mcvm\/wp-content\/uploads\/CPL0002BYGU\/004-300x300.jpg",300,300,true],"woocommerce_single":["https:\/\/mcvr.shop\/mcvm\/wp-content\/uploads\/CPL0002BYGU\/004-600x600.jpg",600,600,true],"woocommerce_gallery_thumbnail":["https:\/\/mcvr.shop\/mcvm\/wp-content\/uploads\/CPL0002BYGU\/004-100x100.jpg",100,100,true]},"uagb_author_info":{"display_name":"admin","author_link":"https:\/\/mcvr.shop\/mcvm\/author\/"},"uagb_comment_info":0,"uagb_excerpt":"Resistere all'inverno tecnologico \u00e8 fondamentale. Protezione, potenziamento e stile si fondono in un unico accessorio futuristico. Il cappello MC protegge i tuoi pensieri dal freddo dello spazio e da intrusioni cibernetiche. Uno scudo affidabile contro le intemperie dell\u2019innovazione per una mente sempre brillante e connessa con il mondo digitale. Niente potr\u00e0 pi\u00f9 interferire mentre lavori,&hellip;","_links":{"self":[{"href":"https:\/\/mcvr.shop\/mcvm\/wp-json\/wp\/v2\/product\/7073","targetHints":{"allow":["GET"]}}],"collection":[{"href":"https:\/\/mcvr.shop\/mcvm\/wp-json\/wp\/v2\/product"}],"about":[{"href":"https:\/\/mcvr.shop\/mcvm\/wp-json\/wp\/v2\/types\/product"}],"replies":[{"embeddable":true,"href":"https:\/\/mcvr.shop\/mcvm\/wp-json\/wp\/v2\/comments?post=7073"}],"version-history":[{"count":1,"href":"https:\/\/mcvr.shop\/mcvm\/wp-json\/wp\/v2\/product\/7073\/revisions"}],"predecessor-version":[{"id":7081,"href":"https:\/\/mcvr.shop\/mcvm\/wp-json\/wp\/v2\/product\/7073\/revisions\/7081"}],"wp:featuredmedia":[{"embeddable":true,"href":"https:\/\/mcvr.shop\/mcvm\/wp-json\/wp\/v2\/media\/7078"}],"wp:attachment":[{"href":"https:\/\/mcvr.shop\/mcvm\/wp-json\/wp\/v2\/media?parent=7073"}],"wp:term":[{"taxonomy":"product_cat","embeddable":true,"href":"https:\/\/mcvr.shop\/mcvm\/wp-json\/wp\/v2\/product_cat?post=7073"},{"taxonomy":"product_tag","embeddable":true,"href":"https:\/\/mcvr.shop\/mcvm\/wp-json\/wp\/v2\/product_tag?post=7073"}],"curies":[{"name":"wp","href":"https:\/\/api.w.org\/{rel}","templated":true}]}}